{"id":27362,"date":"2021-03-26T20:46:10","date_gmt":"2021-03-27T00:46:10","guid":{"rendered":"https:\/\/www.potagerornemental.com\/points-of-sale\/"},"modified":"2026-04-29T17:59:57","modified_gmt":"2026-04-29T21:59:57","slug":"points-of-sale","status":"publish","type":"page","link":"https:\/\/www.potagerornemental.com\/en\/points-of-sale\/","title":{"rendered":"Retail stores"},"content":{"rendered":"<h2>You can find our seeds in the following stores:<\/h2>\n<p><a href=\"https:\/\/www.google.com\/maps\/d\/u\/1\/edit?mid=1XjceKsNjS9xlK0QXJoavElM5acE8QpQ&amp;usp=sharing\" target=\"_blank\" rel=\"noopener\"><span style=\"color: #0000ff;\"><strong>Click to see all our points of sale on the map<\/strong><\/span><\/a><\/p>\n<p><span style=\"color: #008000;\"><strong>NEW FOR 2026!<\/strong><\/span><\/p>\n<p><strong>Jardissimo &#8211; P\u00e9pini\u00e8re Lorrain<\/strong><br \/>\n<span class=\"LrzXr\">2820 Bd du Cur\u00e9-Labelle, Pr\u00e9vost, QC J0R 1T0<br \/>\n<span style=\"color: #008000;\"><em>Currently in store<\/em><\/span><\/span><\/p>\n<p><strong>Comptoir Richelieu &#8211; Botanix<\/strong><br \/>\n350, rue du Coll\u00e8ge, Sorel-Tracy, Qu\u00e9bec J3P 2J5<br \/>\n<span style=\"color: #008000;\"><em>Currently in store<\/em><\/span><\/p>\n<p>__________________________________________________________________________<\/p>\n<p><strong>Center de Jardin Brossard<\/strong><br \/>\n<span class=\"LrzXr\">6305 Grande All\u00e9e, Brossard, QC J4Z 3H6<br \/>\n<span style=\"color: #ff0000;\"><em><span style=\"color: #008000;\">Currently in store<\/span><\/em><\/span><\/span><\/p>\n<p><strong>Flor\u00e9al Garden Center<\/strong><br \/>\n<span class=\"LrzXr\">2900 Bd du Cur\u00e9-Labelle, Laval, QC H7P 5S8<br \/>\n<span style=\"color: #008000;\"><em>Currently in store<\/em><\/span><br \/>\n<\/span><\/p>\n<p><span class=\"LrzXr\"><strong>Hortibeauce, Centre Jardin BOTANIX<\/strong><br \/>\n333 Rte Cameron, Sainte-Marie, QC G6E 3E2<br \/>\n<span style=\"color: #ff0000;\"><em><span style=\"color: #008000;\">Currently in store<\/span><\/em><\/span><\/span><\/p>\n<p><span class=\"LrzXr\"><strong>Abbotsford Nursery<\/strong><br \/>\n605 Rue Principale, Saint-Paul-d&#8217;Abbotsford, QC J0E 1A0<br \/>\n<span style=\"color: #008000;\"><em>Currently in store<\/em><\/span><\/span><\/p>\n<p><span class=\"LrzXr\"><strong>Fleuriste Centre-Jardin Terre Nature<\/strong><br \/>\n4515 Bd Saint-Joseph, Drummondville, QC J2A 1A9<br \/>\n<span style=\"color: #008000;\"><em>Currently in store<\/em><\/span><\/span><\/p>\n<p><strong>Les Serres Roger Lagac\u00e9<\/strong><br \/>\n<span class=\"LrzXr\">688 Rte du Pr\u00e9sident-Kennedy, L\u00e9vis, QC G6C 1E2<br \/>\n<span style=\"color: #ff0000;\"><em><span style=\"color: #008000;\">Currently in store<\/span><\/em><\/span><\/span><\/p>\n<p><strong>Les Serres De L&#8217;\u00c9den<\/strong><br \/>\n<span class=\"LrzXr\">6400 Bd Laurier O, Saint-Hyacinthe, QC J2S 9A7<\/span><br \/>\n<span class=\"LrzXr\" style=\"color: #ff0000;\"><em><span style=\"color: #008000;\">Currently in store<\/span><\/em><\/span><\/p>\n<p><strong>Center jardinage Granby<\/strong><br \/>\n55 rue Bruce, Granby, QC, J2H 0P3<br \/>\n<span style=\"color: #ff0000;\"><em><span style=\"color: #008000;\">Currently in store<\/span><\/em><\/span><\/p>\n<p><strong>P\u00e9pini\u00e8re Borealis<\/strong><br \/>\n2565 rue Mathias, Jonqui\u00e8re, QC, G7X 7V3<em><br \/>\n<span style=\"color: #ff0000;\"><span style=\"color: #008000;\">Currently in store<\/span><\/span><\/em><\/p>\n<p><strong>Fleurexcel inc.<\/strong><br \/>\n1091 rue Saint-Paul, Farnham, QC, J2N 2L2<br \/>\n<span style=\"color: #008000;\"><em>Currently in store<\/em><em><br \/>\n<\/em><\/span><\/p>\n<p><strong>Serres St-\u00c9lie<\/strong><em><br \/>\n<\/em>4675 boulevard Industriel, Sherbrooke, QC J1L 2W5<br \/>\n<span style=\"color: #ff0000;\"><em><span style=\"color: #008000;\">Currently in store<\/span><\/em><\/span><\/p>\n<p><strong>Jardin Du Coin inc.<\/strong><br \/>\n7775 ch. Ste-Marguerite, Trois-Rivi\u00e8res, QC, G9A 5C9<br \/>\n<span style=\"color: #008000;\"><em>Currently in store<\/em><\/span><\/p>\n<p><strong>Paradis, Jardin &amp; Accessoires<br \/>\n<\/strong>1100 Bastien Boulevard, Quebec City, QC G2K 1E6<br \/>\n<span style=\"color: #008000;\"><em>Currently in store<\/em><\/span><\/p>\n<p><strong>Rona Placide Martineau<\/strong><br \/>\n399 QC-273, Saint-Apollinaire, QC G0S 2E0<em><br \/>\n<span style=\"color: #ff0000;\"><span style=\"color: #008000;\"><span style=\"color: #ff0000;\"><span style=\"color: #008000;\">Currently in store<\/span><\/span><\/span><\/span><\/em><\/p>\n<p><strong>La Place Water<\/strong><br \/>\n<span class=\"LrzXr\">345 Rue Gosselin, Waterville, QC J0B 3H0<\/span><em><br \/>\n<span style=\"color: #ff0000;\"><span style=\"color: #008000;\"><span style=\"color: #ff0000;\"><span style=\"color: #008000;\">Currently in store<\/span><\/span><\/span><\/span><\/em><\/p>\n<p><strong>Center Jardin Dansereau<\/strong><br \/>\n95 route 141, Ayer&#8217;s Cliff, QC J0B 1C0<br \/>\n<span style=\"color: #008000;\"><em>Currently in store<\/em><\/span><\/p>\n<p><strong>Le Mara\u00eecher Moderne<\/strong><br \/>\n17 rue St-Patrick, Shannon, QC G3S 1G9<br \/>\n<span style=\"color: #008000;\"><em>Currently in store<\/em><\/span><\/p>\n<p><strong>Ferme B\u00e9dard et Blouin<\/strong><br \/>\n2157, boulevard Louis-XIV, Beauport, QC, G1C 1A1<em><br \/>\n<span style=\"color: #ff0000;\"><span style=\"color: #008000;\">Currently in store<\/span><\/span><\/em><\/p>\n<p><strong>Villiard\/Serres &amp; Jardins<br \/>\n<\/strong>400 Rang Saint-Yves, Massueville, QC J0G 1K0<em><br \/>\n<span style=\"color: #ff0000;\"><span style=\"color: #008000;\"><span style=\"color: #ff0000;\"><span style=\"color: #008000;\">Currently in store<\/span><\/span><\/span><\/span><\/em><\/p>\n","protected":false},"excerpt":{"rendered":"<p>You can find our seeds in the following stores: Click to see all our points of sale on the map NEW FOR 2026! Jardissimo &#8211; P\u00e9pini\u00e8re Lorrain 2820 Bd du Cur\u00e9-Labelle, Pr\u00e9vost, QC J0R 1T0 Currently in store Comptoir Richelieu &#8211; Botanix 350, rue du Coll\u00e8ge, Sorel-Tracy, Qu\u00e9bec J3P 2J5 Currently in store __________________________________________________________________________ Center [&hellip;]<\/p>\n","protected":false},"author":2,"featured_media":32094,"parent":0,"menu_order":0,"comment_status":"closed","ping_status":"closed","template":"page-templates\/front-page.php","meta":{"footnotes":""},"class_list":["post-27362","page","type-page","status-publish","has-post-thumbnail","hentry"],"yoast_head":"<!-- This site is optimized with the Yoast SEO plugin v27.1.1 - https:\/\/yoast.com\/product\/yoast-seo-wordpress\/ -->\n<title>Retail stores - Le potager ornemental de Catherine<\/title>\n<meta name=\"description\" content=\"You can find our seeds in the following stores:\" \/>\n<meta name=\"robots\" content=\"index, follow, max-snippet:-1, max-image-preview:large, max-video-preview:-1\" \/>\n<link rel=\"canonical\" href=\"https:\/\/www.potagerornemental.com\/en\/points-of-sale\/\" \/>\n<meta property=\"og:locale\" content=\"en_US\" \/>\n<meta property=\"og:type\" content=\"article\" \/>\n<meta property=\"og:title\" content=\"Retail stores\" \/>\n<meta property=\"og:description\" content=\"You can find our seeds in the following stores:\" \/>\n<meta property=\"og:url\" content=\"https:\/\/www.potagerornemental.com\/en\/points-of-sale\/\" \/>\n<meta property=\"og:site_name\" content=\"Le potager ornemental de Catherine\" \/>\n<meta property=\"article:modified_time\" content=\"2026-04-29T21:59:57+00:00\" \/>\n<meta property=\"og:image\" content=\"https:\/\/www.potagerornemental.com\/wp-content\/uploads\/2024\/04\/Paradis2024-1024x768.jpg\" \/>\n<meta name=\"twitter:card\" content=\"summary_large_image\" \/>\n<meta name=\"twitter:label1\" content=\"Est. reading time\" \/>\n\t<meta name=\"twitter:data1\" content=\"2 minutes\" \/>\n<script type=\"application\/ld+json\" class=\"yoast-schema-graph\">{\"@context\":\"https:\/\/schema.org\",\"@graph\":[{\"@type\":\"WebPage\",\"@id\":\"https:\/\/www.potagerornemental.com\/en\/points-of-sale\/\",\"url\":\"https:\/\/www.potagerornemental.com\/en\/points-of-sale\/\",\"name\":\"Retail stores - Le potager ornemental de Catherine\",\"isPartOf\":{\"@id\":\"https:\/\/www.potagerornemental.com\/en\/#website\"},\"primaryImageOfPage\":{\"@id\":\"https:\/\/www.potagerornemental.com\/en\/points-of-sale\/#primaryimage\"},\"image\":{\"@id\":\"https:\/\/www.potagerornemental.com\/en\/points-of-sale\/#primaryimage\"},\"thumbnailUrl\":\"https:\/\/www.potagerornemental.com\/wp-content\/uploads\/2024\/04\/Paradis2024.jpg\",\"datePublished\":\"2021-03-27T00:46:10+00:00\",\"dateModified\":\"2026-04-29T21:59:57+00:00\",\"description\":\"You can find our seeds in the following stores:\",\"breadcrumb\":{\"@id\":\"https:\/\/www.potagerornemental.com\/en\/points-of-sale\/#breadcrumb\"},\"inLanguage\":\"en-US\",\"potentialAction\":[{\"@type\":\"ReadAction\",\"target\":[\"https:\/\/www.potagerornemental.com\/en\/points-of-sale\/\"]}]},{\"@type\":\"ImageObject\",\"inLanguage\":\"en-US\",\"@id\":\"https:\/\/www.potagerornemental.com\/en\/points-of-sale\/#primaryimage\",\"url\":\"https:\/\/www.potagerornemental.com\/wp-content\/uploads\/2024\/04\/Paradis2024.jpg\",\"contentUrl\":\"https:\/\/www.potagerornemental.com\/wp-content\/uploads\/2024\/04\/Paradis2024.jpg\",\"width\":1200,\"height\":900,\"caption\":\"Retail stores\"},{\"@type\":\"BreadcrumbList\",\"@id\":\"https:\/\/www.potagerornemental.com\/en\/points-of-sale\/#breadcrumb\",\"itemListElement\":[{\"@type\":\"ListItem\",\"position\":1,\"name\":\"Accueil\",\"item\":\"https:\/\/www.potagerornemental.com\/en\/catherines-ornamental-garden\/\"},{\"@type\":\"ListItem\",\"position\":2,\"name\":\"Retail stores\"}]},{\"@type\":\"WebSite\",\"@id\":\"https:\/\/www.potagerornemental.com\/en\/#website\",\"url\":\"https:\/\/www.potagerornemental.com\/en\/\",\"name\":\"Le potager ornemental de Catherine\",\"description\":\"Artisanal seed grower\",\"publisher\":{\"@id\":\"https:\/\/www.potagerornemental.com\/en\/#organization\"},\"potentialAction\":[{\"@type\":\"SearchAction\",\"target\":{\"@type\":\"EntryPoint\",\"urlTemplate\":\"https:\/\/www.potagerornemental.com\/en\/?s={search_term_string}\"},\"query-input\":{\"@type\":\"PropertyValueSpecification\",\"valueRequired\":true,\"valueName\":\"search_term_string\"}}],\"inLanguage\":\"en-US\"},{\"@type\":\"Organization\",\"@id\":\"https:\/\/www.potagerornemental.com\/en\/#organization\",\"name\":\"Le potager ornemental de Catherine\",\"url\":\"https:\/\/www.potagerornemental.com\/en\/\",\"logo\":{\"@type\":\"ImageObject\",\"inLanguage\":\"en-US\",\"@id\":\"https:\/\/www.potagerornemental.com\/en\/#\/schema\/logo\/image\/\",\"url\":\"https:\/\/www.potagerornemental.com\/wp-content\/uploads\/2020\/12\/logo-dessin.png\",\"contentUrl\":\"https:\/\/www.potagerornemental.com\/wp-content\/uploads\/2020\/12\/logo-dessin.png\",\"width\":300,\"height\":166,\"caption\":\"Le potager ornemental de Catherine\"},\"image\":{\"@id\":\"https:\/\/www.potagerornemental.com\/en\/#\/schema\/logo\/image\/\"}}]}<\/script>\n<!-- \/ Yoast SEO plugin. -->","yoast_head_json":{"title":"Retail stores - Le potager ornemental de Catherine","description":"You can find our seeds in the following stores:","robots":{"index":"index","follow":"follow","max-snippet":"max-snippet:-1","max-image-preview":"max-image-preview:large","max-video-preview":"max-video-preview:-1"},"canonical":"https:\/\/www.potagerornemental.com\/en\/points-of-sale\/","og_locale":"en_US","og_type":"article","og_title":"Retail stores","og_description":"You can find our seeds in the following stores:","og_url":"https:\/\/www.potagerornemental.com\/en\/points-of-sale\/","og_site_name":"Le potager ornemental de Catherine","article_modified_time":"2026-04-29T21:59:57+00:00","og_image":[{"url":"https:\/\/www.potagerornemental.com\/wp-content\/uploads\/2024\/04\/Paradis2024-1024x768.jpg","type":"","width":"","height":""}],"twitter_card":"summary_large_image","twitter_misc":{"Est. reading time":"2 minutes"},"schema":{"@context":"https:\/\/schema.org","@graph":[{"@type":"WebPage","@id":"https:\/\/www.potagerornemental.com\/en\/points-of-sale\/","url":"https:\/\/www.potagerornemental.com\/en\/points-of-sale\/","name":"Retail stores - Le potager ornemental de Catherine","isPartOf":{"@id":"https:\/\/www.potagerornemental.com\/en\/#website"},"primaryImageOfPage":{"@id":"https:\/\/www.potagerornemental.com\/en\/points-of-sale\/#primaryimage"},"image":{"@id":"https:\/\/www.potagerornemental.com\/en\/points-of-sale\/#primaryimage"},"thumbnailUrl":"https:\/\/www.potagerornemental.com\/wp-content\/uploads\/2024\/04\/Paradis2024.jpg","datePublished":"2021-03-27T00:46:10+00:00","dateModified":"2026-04-29T21:59:57+00:00","description":"You can find our seeds in the following stores:","breadcrumb":{"@id":"https:\/\/www.potagerornemental.com\/en\/points-of-sale\/#breadcrumb"},"inLanguage":"en-US","potentialAction":[{"@type":"ReadAction","target":["https:\/\/www.potagerornemental.com\/en\/points-of-sale\/"]}]},{"@type":"ImageObject","inLanguage":"en-US","@id":"https:\/\/www.potagerornemental.com\/en\/points-of-sale\/#primaryimage","url":"https:\/\/www.potagerornemental.com\/wp-content\/uploads\/2024\/04\/Paradis2024.jpg","contentUrl":"https:\/\/www.potagerornemental.com\/wp-content\/uploads\/2024\/04\/Paradis2024.jpg","width":1200,"height":900,"caption":"Retail stores"},{"@type":"BreadcrumbList","@id":"https:\/\/www.potagerornemental.com\/en\/points-of-sale\/#breadcrumb","itemListElement":[{"@type":"ListItem","position":1,"name":"Accueil","item":"https:\/\/www.potagerornemental.com\/en\/catherines-ornamental-garden\/"},{"@type":"ListItem","position":2,"name":"Retail stores"}]},{"@type":"WebSite","@id":"https:\/\/www.potagerornemental.com\/en\/#website","url":"https:\/\/www.potagerornemental.com\/en\/","name":"Le potager ornemental de Catherine","description":"Artisanal seed grower","publisher":{"@id":"https:\/\/www.potagerornemental.com\/en\/#organization"},"potentialAction":[{"@type":"SearchAction","target":{"@type":"EntryPoint","urlTemplate":"https:\/\/www.potagerornemental.com\/en\/?s={search_term_string}"},"query-input":{"@type":"PropertyValueSpecification","valueRequired":true,"valueName":"search_term_string"}}],"inLanguage":"en-US"},{"@type":"Organization","@id":"https:\/\/www.potagerornemental.com\/en\/#organization","name":"Le potager ornemental de Catherine","url":"https:\/\/www.potagerornemental.com\/en\/","logo":{"@type":"ImageObject","inLanguage":"en-US","@id":"https:\/\/www.potagerornemental.com\/en\/#\/schema\/logo\/image\/","url":"https:\/\/www.potagerornemental.com\/wp-content\/uploads\/2020\/12\/logo-dessin.png","contentUrl":"https:\/\/www.potagerornemental.com\/wp-content\/uploads\/2020\/12\/logo-dessin.png","width":300,"height":166,"caption":"Le potager ornemental de Catherine"},"image":{"@id":"https:\/\/www.potagerornemental.com\/en\/#\/schema\/logo\/image\/"}}]}},"_links":{"self":[{"href":"https:\/\/www.potagerornemental.com\/en\/wp-json\/wp\/v2\/pages\/27362","targetHints":{"allow":["GET"]}}],"collection":[{"href":"https:\/\/www.potagerornemental.com\/en\/wp-json\/wp\/v2\/pages"}],"about":[{"href":"https:\/\/www.potagerornemental.com\/en\/wp-json\/wp\/v2\/types\/page"}],"author":[{"embeddable":true,"href":"https:\/\/www.potagerornemental.com\/en\/wp-json\/wp\/v2\/users\/2"}],"replies":[{"embeddable":true,"href":"https:\/\/www.potagerornemental.com\/en\/wp-json\/wp\/v2\/comments?post=27362"}],"version-history":[{"count":6,"href":"https:\/\/www.potagerornemental.com\/en\/wp-json\/wp\/v2\/pages\/27362\/revisions"}],"predecessor-version":[{"id":40783,"href":"https:\/\/www.potagerornemental.com\/en\/wp-json\/wp\/v2\/pages\/27362\/revisions\/40783"}],"wp:featuredmedia":[{"embeddable":true,"href":"https:\/\/www.potagerornemental.com\/en\/wp-json\/wp\/v2\/media\/32094"}],"wp:attachment":[{"href":"https:\/\/www.potagerornemental.com\/en\/wp-json\/wp\/v2\/media?parent=27362"}],"curies":[{"name":"wp","href":"https:\/\/api.w.org\/{rel}","templated":true}]}}