{"id":29863,"date":"2018-12-07T12:01:53","date_gmt":"2018-12-07T17:01:53","guid":{"rendered":"https:\/\/www.potagerornemental.com\/produit\/super-precoce-du-roc-melon\/"},"modified":"2025-12-20T11:49:18","modified_gmt":"2025-12-20T16:49:18","slug":"super-precoce-du-roc-melon","status":"publish","type":"product","link":"https:\/\/www.potagerornemental.com\/en\/produit\/super-precoce-du-roc-melon\/","title":{"rendered":"Meloc Super Pr\u00e9coce du Roc"},"content":{"rendered":"<p><strong>Melon Super Pr\u00e9coce du Roc (V\u00e9drentais)<\/strong><br \/>\n<em>Cucumis melo var. cantalupensis<\/em><\/p>\n<p>Small Charentais-type cantaloupe. 2 to 3 pounds. Sweet, fragrant orange flesh. Creeping stems about 1 metre long. A heirloom variety from Italy, popular in France and sought after by gourmets. 75 days to maturity.<\/p>\n<p>Full sun, well drained and rich soil. Sow indoors 4 to 6 weeks before the last frost. 1 cm deep. 30 cm between plants. Protect against cold nights at the beginning and end of the season.<\/p>\n<p><strong>Germination: 77% in November 2025<br \/>\n<\/strong><em>Ecological seeds produced at Catherine&#8217;s Ornamental Garden.<\/em><\/p>\n","protected":false},"excerpt":{"rendered":"<p>\u00b125 seeds<\/p>\n","protected":false},"featured_media":26028,"comment_status":"open","ping_status":"closed","template":"","meta":[],"product_brand":[],"product_cat":[319,352],"product_tag":[309],"class_list":{"0":"post-29863","1":"product","2":"type-product","3":"status-publish","4":"has-post-thumbnail","6":"product_cat-melons-en","7":"product_cat-open-pollinated-seeds","8":"product_tag-heirloom-varieties","10":"first","11":"instock","12":"taxable","13":"shipping-taxable","14":"purchasable","15":"product-type-simple"},"yoast_head":"<!-- This site is optimized with the Yoast SEO plugin v27.1.1 - https:\/\/yoast.com\/product\/yoast-seo-wordpress\/ -->\n<title>Meloc Super Pr\u00e9coce du Roc SEEDS - Le potager ornemental de Catherine<\/title>\n<meta name=\"description\" content=\"Super Pr\u00e9coce du Roc melon - Small Charentais-type cantaloupe. Sweet, fragrant orange flesh. Italian heirloom variety. 75 days to maturity.\" \/>\n<meta name=\"robots\" content=\"index, follow, max-snippet:-1, max-image-preview:large, max-video-preview:-1\" \/>\n<link rel=\"canonical\" href=\"https:\/\/www.potagerornemental.com\/en\/produit\/super-precoce-du-roc-melon\/\" \/>\n<meta property=\"og:locale\" content=\"en_US\" \/>\n<meta property=\"og:type\" content=\"article\" \/>\n<meta property=\"og:title\" content=\"Melon Super Pr\u00e9coce du Roc - SEEDS\" \/>\n<meta property=\"og:description\" content=\"Small Charentais-type cantaloupe. 2 to 3 pounds. Sweet, fragrant orange flesh. Creeping stems about 1 metre long. A heirloom variety from Italy, popular in France and sought after by gourmets. 75 days to maturity.\" \/>\n<meta property=\"og:url\" content=\"https:\/\/www.potagerornemental.com\/en\/produit\/super-precoce-du-roc-melon\/\" \/>\n<meta property=\"og:site_name\" content=\"Le potager ornemental de Catherine\" \/>\n<meta property=\"article:modified_time\" content=\"2025-12-20T16:49:18+00:00\" \/>\n<meta property=\"og:image\" content=\"https:\/\/www.potagerornemental.com\/wp-content\/uploads\/2018\/12\/P1210805-001-300x300.jpg\" \/>\n<meta name=\"twitter:card\" content=\"summary_large_image\" \/>\n<meta name=\"twitter:title\" content=\"Melon Super Pr\u00e9coce du Roc - SEEDS\" \/>\n<meta name=\"twitter:description\" content=\"Small Charentais-type cantaloupe. 2 to 3 pounds. Sweet, fragrant orange flesh. Creeping stems about 1 metre long. A heirloom variety from Italy, popular in France and sought after by gourmets. 75 days to maturity.\" \/>\n<meta name=\"twitter:image\" content=\"https:\/\/www.potagerornemental.com\/wp-content\/uploads\/2018\/12\/P1210805-001-682x1024.jpg\" \/>\n<script type=\"application\/ld+json\" class=\"yoast-schema-graph\">{\"@context\":\"https:\/\/schema.org\",\"@graph\":[{\"@type\":\"WebPage\",\"@id\":\"https:\/\/www.potagerornemental.com\/en\/produit\/super-precoce-du-roc-melon\/\",\"url\":\"https:\/\/www.potagerornemental.com\/en\/produit\/super-precoce-du-roc-melon\/\",\"name\":\"Meloc Super Pr\u00e9coce du Roc SEEDS - Le potager ornemental de Catherine\",\"isPartOf\":{\"@id\":\"https:\/\/www.potagerornemental.com\/en\/#website\"},\"primaryImageOfPage\":{\"@id\":\"https:\/\/www.potagerornemental.com\/en\/produit\/super-precoce-du-roc-melon\/#primaryimage\"},\"image\":{\"@id\":\"https:\/\/www.potagerornemental.com\/en\/produit\/super-precoce-du-roc-melon\/#primaryimage\"},\"thumbnailUrl\":\"https:\/\/www.potagerornemental.com\/wp-content\/uploads\/2018\/12\/P1210805-001.jpg\",\"datePublished\":\"2018-12-07T17:01:53+00:00\",\"dateModified\":\"2025-12-20T16:49:18+00:00\",\"description\":\"Super Pr\u00e9coce du Roc melon - Small Charentais-type cantaloupe. Sweet, fragrant orange flesh. Italian heirloom variety. 75 days to maturity.\",\"breadcrumb\":{\"@id\":\"https:\/\/www.potagerornemental.com\/en\/produit\/super-precoce-du-roc-melon\/#breadcrumb\"},\"inLanguage\":\"en-US\",\"potentialAction\":[{\"@type\":\"ReadAction\",\"target\":[\"https:\/\/www.potagerornemental.com\/en\/produit\/super-precoce-du-roc-melon\/\"]}]},{\"@type\":\"ImageObject\",\"inLanguage\":\"en-US\",\"@id\":\"https:\/\/www.potagerornemental.com\/en\/produit\/super-precoce-du-roc-melon\/#primaryimage\",\"url\":\"https:\/\/www.potagerornemental.com\/wp-content\/uploads\/2018\/12\/P1210805-001.jpg\",\"contentUrl\":\"https:\/\/www.potagerornemental.com\/wp-content\/uploads\/2018\/12\/P1210805-001.jpg\",\"width\":682,\"height\":1024,\"caption\":\"Meloc Super Pr\u00e9coce du Roc\"},{\"@type\":\"BreadcrumbList\",\"@id\":\"https:\/\/www.potagerornemental.com\/en\/produit\/super-precoce-du-roc-melon\/#breadcrumb\",\"itemListElement\":[{\"@type\":\"ListItem\",\"position\":1,\"name\":\"Accueil\",\"item\":\"https:\/\/www.potagerornemental.com\/en\/catherines-ornamental-garden\/\"},{\"@type\":\"ListItem\",\"position\":2,\"name\":\"Shop\",\"item\":\"https:\/\/www.potagerornemental.com\/en\/shop\/\"},{\"@type\":\"ListItem\",\"position\":3,\"name\":\"Meloc Super Pr\u00e9coce du Roc\"}]},{\"@type\":\"WebSite\",\"@id\":\"https:\/\/www.potagerornemental.com\/en\/#website\",\"url\":\"https:\/\/www.potagerornemental.com\/en\/\",\"name\":\"Le potager ornemental de Catherine\",\"description\":\"Artisanal seed grower\",\"publisher\":{\"@id\":\"https:\/\/www.potagerornemental.com\/en\/#organization\"},\"potentialAction\":[{\"@type\":\"SearchAction\",\"target\":{\"@type\":\"EntryPoint\",\"urlTemplate\":\"https:\/\/www.potagerornemental.com\/en\/?s={search_term_string}\"},\"query-input\":{\"@type\":\"PropertyValueSpecification\",\"valueRequired\":true,\"valueName\":\"search_term_string\"}}],\"inLanguage\":\"en-US\"},{\"@type\":\"Organization\",\"@id\":\"https:\/\/www.potagerornemental.com\/en\/#organization\",\"name\":\"Le potager ornemental de Catherine\",\"url\":\"https:\/\/www.potagerornemental.com\/en\/\",\"logo\":{\"@type\":\"ImageObject\",\"inLanguage\":\"en-US\",\"@id\":\"https:\/\/www.potagerornemental.com\/en\/#\/schema\/logo\/image\/\",\"url\":\"https:\/\/www.potagerornemental.com\/wp-content\/uploads\/2020\/12\/logo-dessin.png\",\"contentUrl\":\"https:\/\/www.potagerornemental.com\/wp-content\/uploads\/2020\/12\/logo-dessin.png\",\"width\":300,\"height\":166,\"caption\":\"Le potager ornemental de Catherine\"},\"image\":{\"@id\":\"https:\/\/www.potagerornemental.com\/en\/#\/schema\/logo\/image\/\"}}]}<\/script>\n<!-- \/ Yoast SEO plugin. -->","yoast_head_json":{"title":"Meloc Super Pr\u00e9coce du Roc SEEDS - Le potager ornemental de Catherine","description":"Super Pr\u00e9coce du Roc melon - Small Charentais-type cantaloupe. Sweet, fragrant orange flesh. Italian heirloom variety. 75 days to maturity.","robots":{"index":"index","follow":"follow","max-snippet":"max-snippet:-1","max-image-preview":"max-image-preview:large","max-video-preview":"max-video-preview:-1"},"canonical":"https:\/\/www.potagerornemental.com\/en\/produit\/super-precoce-du-roc-melon\/","og_locale":"en_US","og_type":"article","og_title":"Melon Super Pr\u00e9coce du Roc - SEEDS","og_description":"Small Charentais-type cantaloupe. 2 to 3 pounds. Sweet, fragrant orange flesh. Creeping stems about 1 metre long. A heirloom variety from Italy, popular in France and sought after by gourmets. 75 days to maturity.","og_url":"https:\/\/www.potagerornemental.com\/en\/produit\/super-precoce-du-roc-melon\/","og_site_name":"Le potager ornemental de Catherine","article_modified_time":"2025-12-20T16:49:18+00:00","og_image":[{"url":"https:\/\/www.potagerornemental.com\/wp-content\/uploads\/2018\/12\/P1210805-001-300x300.jpg","type":"","width":"","height":""}],"twitter_card":"summary_large_image","twitter_title":"Melon Super Pr\u00e9coce du Roc - SEEDS","twitter_description":"Small Charentais-type cantaloupe. 2 to 3 pounds. Sweet, fragrant orange flesh. Creeping stems about 1 metre long. A heirloom variety from Italy, popular in France and sought after by gourmets. 75 days to maturity.","twitter_image":"https:\/\/www.potagerornemental.com\/wp-content\/uploads\/2018\/12\/P1210805-001-682x1024.jpg","schema":{"@context":"https:\/\/schema.org","@graph":[{"@type":"WebPage","@id":"https:\/\/www.potagerornemental.com\/en\/produit\/super-precoce-du-roc-melon\/","url":"https:\/\/www.potagerornemental.com\/en\/produit\/super-precoce-du-roc-melon\/","name":"Meloc Super Pr\u00e9coce du Roc SEEDS - Le potager ornemental de Catherine","isPartOf":{"@id":"https:\/\/www.potagerornemental.com\/en\/#website"},"primaryImageOfPage":{"@id":"https:\/\/www.potagerornemental.com\/en\/produit\/super-precoce-du-roc-melon\/#primaryimage"},"image":{"@id":"https:\/\/www.potagerornemental.com\/en\/produit\/super-precoce-du-roc-melon\/#primaryimage"},"thumbnailUrl":"https:\/\/www.potagerornemental.com\/wp-content\/uploads\/2018\/12\/P1210805-001.jpg","datePublished":"2018-12-07T17:01:53+00:00","dateModified":"2025-12-20T16:49:18+00:00","description":"Super Pr\u00e9coce du Roc melon - Small Charentais-type cantaloupe. Sweet, fragrant orange flesh. Italian heirloom variety. 75 days to maturity.","breadcrumb":{"@id":"https:\/\/www.potagerornemental.com\/en\/produit\/super-precoce-du-roc-melon\/#breadcrumb"},"inLanguage":"en-US","potentialAction":[{"@type":"ReadAction","target":["https:\/\/www.potagerornemental.com\/en\/produit\/super-precoce-du-roc-melon\/"]}]},{"@type":"ImageObject","inLanguage":"en-US","@id":"https:\/\/www.potagerornemental.com\/en\/produit\/super-precoce-du-roc-melon\/#primaryimage","url":"https:\/\/www.potagerornemental.com\/wp-content\/uploads\/2018\/12\/P1210805-001.jpg","contentUrl":"https:\/\/www.potagerornemental.com\/wp-content\/uploads\/2018\/12\/P1210805-001.jpg","width":682,"height":1024,"caption":"Meloc Super Pr\u00e9coce du Roc"},{"@type":"BreadcrumbList","@id":"https:\/\/www.potagerornemental.com\/en\/produit\/super-precoce-du-roc-melon\/#breadcrumb","itemListElement":[{"@type":"ListItem","position":1,"name":"Accueil","item":"https:\/\/www.potagerornemental.com\/en\/catherines-ornamental-garden\/"},{"@type":"ListItem","position":2,"name":"Shop","item":"https:\/\/www.potagerornemental.com\/en\/shop\/"},{"@type":"ListItem","position":3,"name":"Meloc Super Pr\u00e9coce du Roc"}]},{"@type":"WebSite","@id":"https:\/\/www.potagerornemental.com\/en\/#website","url":"https:\/\/www.potagerornemental.com\/en\/","name":"Le potager ornemental de Catherine","description":"Artisanal seed grower","publisher":{"@id":"https:\/\/www.potagerornemental.com\/en\/#organization"},"potentialAction":[{"@type":"SearchAction","target":{"@type":"EntryPoint","urlTemplate":"https:\/\/www.potagerornemental.com\/en\/?s={search_term_string}"},"query-input":{"@type":"PropertyValueSpecification","valueRequired":true,"valueName":"search_term_string"}}],"inLanguage":"en-US"},{"@type":"Organization","@id":"https:\/\/www.potagerornemental.com\/en\/#organization","name":"Le potager ornemental de Catherine","url":"https:\/\/www.potagerornemental.com\/en\/","logo":{"@type":"ImageObject","inLanguage":"en-US","@id":"https:\/\/www.potagerornemental.com\/en\/#\/schema\/logo\/image\/","url":"https:\/\/www.potagerornemental.com\/wp-content\/uploads\/2020\/12\/logo-dessin.png","contentUrl":"https:\/\/www.potagerornemental.com\/wp-content\/uploads\/2020\/12\/logo-dessin.png","width":300,"height":166,"caption":"Le potager ornemental de Catherine"},"image":{"@id":"https:\/\/www.potagerornemental.com\/en\/#\/schema\/logo\/image\/"}}]}},"_links":{"self":[{"href":"https:\/\/www.potagerornemental.com\/en\/wp-json\/wp\/v2\/product\/29863","targetHints":{"allow":["GET"]}}],"collection":[{"href":"https:\/\/www.potagerornemental.com\/en\/wp-json\/wp\/v2\/product"}],"about":[{"href":"https:\/\/www.potagerornemental.com\/en\/wp-json\/wp\/v2\/types\/product"}],"replies":[{"embeddable":true,"href":"https:\/\/www.potagerornemental.com\/en\/wp-json\/wp\/v2\/comments?post=29863"}],"wp:featuredmedia":[{"embeddable":true,"href":"https:\/\/www.potagerornemental.com\/en\/wp-json\/wp\/v2\/media\/26028"}],"wp:attachment":[{"href":"https:\/\/www.potagerornemental.com\/en\/wp-json\/wp\/v2\/media?parent=29863"}],"wp:term":[{"taxonomy":"product_brand","embeddable":true,"href":"https:\/\/www.potagerornemental.com\/en\/wp-json\/wp\/v2\/product_brand?post=29863"},{"taxonomy":"product_cat","embeddable":true,"href":"https:\/\/www.potagerornemental.com\/en\/wp-json\/wp\/v2\/product_cat?post=29863"},{"taxonomy":"product_tag","embeddable":true,"href":"https:\/\/www.potagerornemental.com\/en\/wp-json\/wp\/v2\/product_tag?post=29863"}],"curies":[{"name":"wp","href":"https:\/\/api.w.org\/{rel}","templated":true}]}}